{"id":59,"date":"2026-03-10T20:11:11","date_gmt":"2026-03-10T19:11:11","guid":{"rendered":"https:\/\/serwer1856367.home.pl\/autoinstalator\/wordpress\/?page_id=59"},"modified":"2026-03-14T11:55:23","modified_gmt":"2026-03-14T10:55:23","slug":"strona-glowna","status":"publish","type":"page","link":"https:\/\/reklamadim.pl\/","title":{"rendered":"Strona g\u0142\u00f3wna"},"content":{"rendered":"\n<div class=\"wp-block-columns is-layout-flex wp-container-core-columns-is-layout-9d6595d7 wp-block-columns-is-layout-flex\">\n<div class=\"wp-block-column is-layout-flow wp-block-column-is-layout-flow\" style=\"flex-basis:100%\">\n<div class=\"wp-block-columns is-layout-flex wp-container-core-columns-is-layout-9d6595d7 wp-block-columns-is-layout-flex\">\n<div class=\"wp-block-column is-vertically-aligned-center is-layout-flow wp-block-column-is-layout-flow\">\n<p style=\"text-align: center;\">Reklama Mosina<\/p>\n<p style=\"text-align: center;\">oklejanie aut, kasetony, banery, ulotki, wizyt\u00f3wki, odzie\u017c reklamowa i firmowa<\/p>\n<p style=\"text-align: center;\">Studio Reklamy DiM\u00a0 firma z 25 letnim do\u015bwiadczeniem w bran\u017cy.<\/p>\n<p style=\"text-align: center;\">Posiadamy zr\u00f3\u017cnicowany park maszynowy, dzi\u0119ki kt\u00f3remu mo\u017cemy obs\u0142u\u017cy\u0107 klienta kompleksowo i atrakcyjnych cenach.<\/p>\n<p style=\"text-align: center;\">Wszystkie produkty wykonujemy\u00a0na miejscu dzi\u0119ki temu mo\u017cemy utrzyma\u0107 wysok\u0105 jako\u015b\u0107 i konkurencyjno\u015b\u0107.<\/p>\n<p style=\"text-align: center;\">Oferujemy wizyt\u00f3wki, ulotki, piecz\u0105tki, banery, kasetony, litery przestrzenne, oklejanie aut, witryn i \u015bcian.<\/p>\n<p style=\"text-align: center;\">Posiadamy Ploter Solwentowy Mimaki JV150-160 1600mm, Ploter\u00a0tn\u0105cy\u00a0SUMMA S2 T-Series, Laminator Mimaki LA-160W,\u00a0Prasa Termotransferowa PT06,\u00a0Laser 900x600mm Tuba 100W<\/p>\n<\/div>\n\n\n\n<div class=\"wp-block-column is-layout-flow wp-block-column-is-layout-flow\"><div class=\"wp-block-image\">\n<figure data-wp-context=\"{&quot;imageId&quot;:&quot;69e601edaf72a&quot;}\" data-wp-interactive=\"core\/image\" data-wp-key=\"69e601edaf72a\" class=\"aligncenter size-full wp-lightbox-container\"><img loading=\"lazy\" decoding=\"async\" width=\"600\" height=\"634\" data-wp-class--hide=\"state.isContentHidden\" data-wp-class--show=\"state.isContentVisible\" data-wp-init=\"callbacks.setButtonStyles\" data-wp-on--click=\"actions.showLightbox\" data-wp-on--load=\"callbacks.setButtonStyles\" data-wp-on-window--resize=\"callbacks.setButtonStyles\" src=\"https:\/\/reklamadim.pl\/wp-content\/uploads\/firma.png\" alt=\"\" class=\"wp-image-183\" srcset=\"https:\/\/reklamadim.pl\/wp-content\/uploads\/firma.png 600w, https:\/\/reklamadim.pl\/wp-content\/uploads\/firma-284x300.png 284w\" sizes=\"auto, (max-width: 600px) 100vw, 600px\" \/><button\n\t\t\tclass=\"lightbox-trigger\"\n\t\t\ttype=\"button\"\n\t\t\taria-haspopup=\"dialog\"\n\t\t\taria-label=\"Powi\u0119ksz\"\n\t\t\tdata-wp-init=\"callbacks.initTriggerButton\"\n\t\t\tdata-wp-on--click=\"actions.showLightbox\"\n\t\t\tdata-wp-style--right=\"state.imageButtonRight\"\n\t\t\tdata-wp-style--top=\"state.imageButtonTop\"\n\t\t>\n\t\t\t<svg xmlns=\"http:\/\/www.w3.org\/2000\/svg\" width=\"12\" height=\"12\" fill=\"none\" viewBox=\"0 0 12 12\">\n\t\t\t\t<path fill=\"#fff\" d=\"M2 0a2 2 0 0 0-2 2v2h1.5V2a.5.5 0 0 1 .5-.5h2V0H2Zm2 10.5H2a.5.5 0 0 1-.5-.5V8H0v2a2 2 0 0 0 2 2h2v-1.5ZM8 12v-1.5h2a.5.5 0 0 0 .5-.5V8H12v2a2 2 0 0 1-2 2H8Zm2-12a2 2 0 0 1 2 2v2h-1.5V2a.5.5 0 0 0-.5-.5H8V0h2Z\" \/>\n\t\t\t<\/svg>\n\t\t<\/button><\/figure>\n<\/div><\/div>\n<\/div>\n<\/div>\n<\/div>\n\n\n\n<p class=\"has-text-align-center\"><br>Studio Reklamy DiM<br>62-050 Mosina<br>ul. K. Makuszy\u0144skiego 1<br><a href=\"mailto:biuro@reklamadim.pl\">biuro@reklamadim.pl<\/a><br>tel. 503 447 108<\/p>\n\n\n\n<p class=\"has-text-align-center\"><\/p>\n\n\n\n<p><\/p>\n\n\n\n<p><\/p>\n\n\n\n<p><\/p>\n","protected":false},"excerpt":{"rendered":"<p>Reklama Mosina oklejanie aut, kasetony, banery, ulotki, wizyt\u00f3wki, odzie\u017c reklamowa i firmowa Studio Reklamy DiM\u00a0 firma z 25 letnim do\u015bwiadczeniem w bran\u017cy. Posiadamy zr\u00f3\u017cnicowany park &hellip;<\/p>\n","protected":false},"author":1,"featured_media":0,"parent":0,"menu_order":0,"comment_status":"closed","ping_status":"closed","template":"","meta":{"footnotes":""},"class_list":["post-59","page","type-page","status-publish","hentry"],"_links":{"self":[{"href":"https:\/\/reklamadim.pl\/index.php?rest_route=\/wp\/v2\/pages\/59","targetHints":{"allow":["GET"]}}],"collection":[{"href":"https:\/\/reklamadim.pl\/index.php?rest_route=\/wp\/v2\/pages"}],"about":[{"href":"https:\/\/reklamadim.pl\/index.php?rest_route=\/wp\/v2\/types\/page"}],"author":[{"embeddable":true,"href":"https:\/\/reklamadim.pl\/index.php?rest_route=\/wp\/v2\/users\/1"}],"replies":[{"embeddable":true,"href":"https:\/\/reklamadim.pl\/index.php?rest_route=%2Fwp%2Fv2%2Fcomments&post=59"}],"version-history":[{"count":32,"href":"https:\/\/reklamadim.pl\/index.php?rest_route=\/wp\/v2\/pages\/59\/revisions"}],"predecessor-version":[{"id":239,"href":"https:\/\/reklamadim.pl\/index.php?rest_route=\/wp\/v2\/pages\/59\/revisions\/239"}],"wp:attachment":[{"href":"https:\/\/reklamadim.pl\/index.php?rest_route=%2Fwp%2Fv2%2Fmedia&parent=59"}],"curies":[{"name":"wp","href":"https:\/\/api.w.org\/{rel}","templated":true}]}}